{"id":1064,"date":"2025-07-23T11:07:49","date_gmt":"2025-07-23T09:07:49","guid":{"rendered":"https:\/\/www.farmaciatermes.com\/perforacio-de-pendent\/"},"modified":"2025-07-23T11:07:49","modified_gmt":"2025-07-23T09:07:49","slug":"perforacio-de-pendent","status":"publish","type":"page","link":"https:\/\/www.farmaciatermes.com\/ca\/perforacio-de-pendent\/","title":{"rendered":"Perforaci\u00f3 de pendent"},"content":{"rendered":"<p>[et_pb_section fb_built=&#8221;1&#8243; fullwidth=&#8221;on&#8221; _builder_version=&#8221;4.27.4&#8243; _module_preset=&#8221;default&#8221; top_divider_style=&#8221;wave2&#8243; top_divider_color=&#8221;#FFFFFF&#8221; top_divider_height=&#8221;55px&#8221; top_divider_repeat=&#8221;2x&#8221; top_divider_flip=&#8221;horizontal&#8221; bottom_divider_style=&#8221;curve2&#8243; bottom_divider_color=&#8221;#FFFFFF&#8221; global_colors_info=&#8221;{}&#8221;][et_pb_fullwidth_slider _builder_version=&#8221;4.27.4&#8243; _module_preset=&#8221;default&#8221; global_colors_info=&#8221;{}&#8221;][et_pb_slide heading=&#8221;Perforaci\u00f3n de pendientes&#8221; _builder_version=&#8221;4.27.4&#8243; _module_preset=&#8221;default&#8221; header_level=&#8221;h1&#8243; header_font=&#8221;|800|||||||&#8221; header_font_size=&#8221;56px&#8221; background_color=&#8221;rgba(0,0,0,0.5)&#8221; background_enable_color=&#8221;on&#8221; background_image=&#8221;https:\/\/www.farmaciatermes.com\/wp-content\/uploads\/2025\/07\/AdobeStock_762290546-scaled.jpeg&#8221; background_enable_image=&#8221;on&#8221; background_blend=&#8221;multiply&#8221; header_font_size_tablet=&#8221;56px&#8221; header_font_size_phone=&#8221;46px&#8221; header_font_size_last_edited=&#8221;on|phone&#8221; global_colors_info=&#8221;{}&#8221; sticky_transition=&#8221;on&#8221;]<\/p>\n<p data-start=\"141\" data-end=\"410\"><strong>A Farm\u00e0cia Termes realitzem perforaci\u00f3 segura de llobets per a adults i primera posada de nadons, garantint les m\u00e0ximes condicions d\u2019higiene i un tracte professional i proper.<\/strong><\/p>\n<p>[\/et_pb_slide][\/et_pb_fullwidth_slider][\/et_pb_section][et_pb_section fb_built=&#8221;1&#8243; admin_label=&#8221;Services&#8221; _builder_version=&#8221;4.16&#8243; background_color=&#8221;#edeffa&#8221; locked=&#8221;off&#8221; global_colors_info=&#8221;{}&#8221;][et_pb_row _builder_version=&#8221;4.16&#8243; global_colors_info=&#8221;{}&#8221;][et_pb_column type=&#8221;4_4&#8243; _builder_version=&#8221;4.16&#8243; custom_padding=&#8221;|||&#8221; global_colors_info=&#8221;{}&#8221; custom_padding__hover=&#8221;|||&#8221;][et_pb_text _builder_version=&#8221;4.27.4&#8243; text_font=&#8221;Montserrat|600||on|||||&#8221; text_text_color=&#8221;#ffb342&#8243; text_font_size=&#8221;16px&#8221; text_line_height=&#8221;1.8em&#8221; link_font=&#8221;Montserrat|700|||||||&#8221; link_text_color=&#8221;#fa546d&#8221; link_font_size=&#8221;22px&#8221; link_line_height=&#8221;1.5em&#8221; header_font=&#8221;Montserrat||||||||&#8221; header_2_font=&#8221;Montserrat|700|||||||&#8221; header_2_font_size=&#8221;40px&#8221; header_2_line_height=&#8221;1.4em&#8221; header_6_font=&#8221;Montserrat|600||on|||||&#8221; header_6_text_color=&#8221;#ffb342&#8243; header_6_font_size=&#8221;16px&#8221; header_6_letter_spacing=&#8221;2px&#8221; header_6_line_height=&#8221;1.5em&#8221; text_orientation=&#8221;center&#8221; max_width=&#8221;700px&#8221; max_width_last_edited=&#8221;off|desktop&#8221; module_alignment=&#8221;center&#8221; custom_margin=&#8221;||4px|||&#8221; custom_padding=&#8221;|||&#8221; header_2_font_size_tablet=&#8221;&#8221; header_2_font_size_phone=&#8221;24px&#8221; header_2_font_size_last_edited=&#8221;on|phone&#8221; global_colors_info=&#8221;{}&#8221;]<\/p>\n<p>Mesura la teva salut.<\/p>\n<p>[\/et_pb_text][et_pb_text _builder_version=&#8221;4.27.4&#8243; text_font=&#8221;Montserrat||||||||&#8221; text_font_size=&#8221;16px&#8221; text_line_height=&#8221;1.8em&#8221; link_font=&#8221;Montserrat|700|||||||&#8221; link_text_color=&#8221;#fa546d&#8221; link_font_size=&#8221;22px&#8221; link_line_height=&#8221;1.5em&#8221; header_font=&#8221;||||||||&#8221; header_2_font=&#8221;Montserrat|700|||||||&#8221; header_2_font_size=&#8221;40px&#8221; header_2_line_height=&#8221;1.4em&#8221; header_6_font=&#8221;Montserrat|600||on|||||&#8221; header_6_text_color=&#8221;#ffb342&#8243; header_6_font_size=&#8221;16px&#8221; header_6_letter_spacing=&#8221;2px&#8221; header_6_line_height=&#8221;1.5em&#8221; text_orientation=&#8221;center&#8221; max_width=&#8221;700px&#8221; max_width_last_edited=&#8221;off|desktop&#8221; module_alignment=&#8221;center&#8221; custom_margin=&#8221;||-2px|||&#8221; custom_padding=&#8221;|||&#8221; header_2_font_size_tablet=&#8221;&#8221; header_2_font_size_phone=&#8221;24px&#8221; header_2_font_size_last_edited=&#8221;on|phone&#8221; global_colors_info=&#8221;{}&#8221;]<\/p>\n<h2>Per qu\u00e8 triar Farm\u00e0cia Termes?<\/h2>\n<p data-start=\"775\" data-end=\"908\">[\/et_pb_text][\/et_pb_column][\/et_pb_row][et_pb_row column_structure=&#8221;1_2,1_2&#8243; _builder_version=&#8221;4.27.4&#8243; _module_preset=&#8221;default&#8221; global_colors_info=&#8221;{}&#8221;][et_pb_column type=&#8221;1_2&#8243; _builder_version=&#8221;4.27.4&#8243; _module_preset=&#8221;default&#8221; global_colors_info=&#8221;{}&#8221;][et_pb_text _builder_version=&#8221;4.27.4&#8243; _module_preset=&#8221;default&#8221; text_font=&#8221;Montserrat||||||||&#8221; text_font_size=&#8221;15px&#8221; global_colors_info=&#8221;{}&#8221;]<\/p>\n<p data-start=\"994\" data-end=\"1029\" style=\"text-align: justify;\">Realitzem la posada de llobets amb el sistema <strong data-start=\"258\" data-end=\"278\">Studex System75\u2122<\/strong>, l\u00edder mundial en perforaci\u00f3 d\u2019orelles. Un m\u00e8tode modern, silenci\u00f3s i prec\u00eds que garanteix la m\u00e0xima higiene i seguretat. <\/p>\n<p data-start=\"994\" data-end=\"1029\" style=\"text-align: justify;\"><strong>Com realitzem la perforaci\u00f3?<\/strong><strong><\/strong><\/p>\n<ul>\n<li data-start=\"680\" data-end=\"746\" style=\"text-align: justify;\">\n<p data-start=\"682\" data-end=\"746\" style=\"text-align: left;\"><strong data-start=\"411\" data-end=\"429\">Higiene m\u00e0xima:<\/strong> Cada p\u00edrcing ve en un cartutx est\u00e8ril i d\u2019un sol \u00fas, que s\u2019obre nom\u00e9s en el moment de la perforaci\u00f3.<\/p>\n<\/li>\n<li data-start=\"747\" data-end=\"838\" style=\"text-align: left;\">\n<p data-start=\"749\" data-end=\"838\"><strong data-start=\"550\" data-end=\"575\">Seguretat certificada:<\/strong> Sistema homologat d\u2019\u00fas m\u00e8dic, dissenyat per minimitzar riscos i cuidar la teva pell.<\/p>\n<\/li>\n<li data-start=\"839\" data-end=\"911\">\n<p data-start=\"841\" data-end=\"911\" style=\"text-align: left;\"><strong data-start=\"666\" data-end=\"689\">Rapidesa i comoditat:<\/strong> El proc\u00e9s \u00e9s r\u00e0pid, pr\u00e0cticament indolor i pensat per oferir-te una experi\u00e8ncia agradable, fins i tot en els m\u00e9s petits.<\/p>\n<\/li>\n<\/ul>\n<p>[\/et_pb_text][\/et_pb_column][et_pb_column type=&#8221;1_2&#8243; _builder_version=&#8221;4.27.4&#8243; _module_preset=&#8221;default&#8221; global_colors_info=&#8221;{}&#8221;][et_pb_image src=&#8221;https:\/\/www.farmaciatermes.com\/wp-content\/uploads\/2025\/09\/studex.png&#8221; alt=&#8221;Perforaci\u00f3 de pendent&#8221; title_text=&#8221;studex&#8221; _builder_version=&#8221;4.27.4&#8243; _module_preset=&#8221;default&#8221; global_colors_info=&#8221;{}&#8221;][\/et_pb_image][\/et_pb_column][\/et_pb_row][et_pb_row _builder_version=&#8221;4.27.4&#8243; _module_preset=&#8221;default&#8221; global_colors_info=&#8221;{}&#8221;][et_pb_column type=&#8221;4_4&#8243; _builder_version=&#8221;4.27.4&#8243; _module_preset=&#8221;default&#8221; global_colors_info=&#8221;{}&#8221;][et_pb_text _builder_version=&#8221;4.27.4&#8243; text_font=&#8221;Montserrat|600||on|||||&#8221; text_text_color=&#8221;#ffb342&#8243; text_font_size=&#8221;16px&#8221; text_line_height=&#8221;1.8em&#8221; link_font=&#8221;Montserrat|700|||||||&#8221; link_text_color=&#8221;#fa546d&#8221; link_font_size=&#8221;22px&#8221; link_line_height=&#8221;1.5em&#8221; header_font=&#8221;Montserrat||||||||&#8221; header_2_font=&#8221;Montserrat|700|||||||&#8221; header_2_font_size=&#8221;40px&#8221; header_2_line_height=&#8221;1.4em&#8221; header_6_font=&#8221;Montserrat|600||on|||||&#8221; header_6_text_color=&#8221;#ffb342&#8243; header_6_font_size=&#8221;16px&#8221; header_6_letter_spacing=&#8221;2px&#8221; header_6_line_height=&#8221;1.5em&#8221; text_orientation=&#8221;center&#8221; max_width=&#8221;700px&#8221; max_width_last_edited=&#8221;off|desktop&#8221; module_alignment=&#8221;center&#8221; custom_margin=&#8221;||4px|||&#8221; custom_padding=&#8221;|||&#8221; header_2_font_size_tablet=&#8221;&#8221; header_2_font_size_phone=&#8221;24px&#8221; header_2_font_size_last_edited=&#8221;on|phone&#8221; global_colors_info=&#8221;{}&#8221;]<\/p>\n<p>Organitzaci\u00f3, Seguretat, Facilitat<\/p>\n<p>[\/et_pb_text][et_pb_text _builder_version=&#8221;4.27.4&#8243; text_font=&#8221;Montserrat||||||||&#8221; text_font_size=&#8221;16px&#8221; text_line_height=&#8221;1.8em&#8221; link_font=&#8221;Montserrat|700|||||||&#8221; link_text_color=&#8221;#fa546d&#8221; link_font_size=&#8221;22px&#8221; link_line_height=&#8221;1.5em&#8221; header_font=&#8221;||||||||&#8221; header_2_font=&#8221;Montserrat|700|||||||&#8221; header_2_font_size=&#8221;40px&#8221; header_2_line_height=&#8221;1.4em&#8221; header_6_font=&#8221;Montserrat|600||on|||||&#8221; header_6_text_color=&#8221;#ffb342&#8243; header_6_font_size=&#8221;16px&#8221; header_6_letter_spacing=&#8221;2px&#8221; header_6_line_height=&#8221;1.5em&#8221; text_orientation=&#8221;center&#8221; max_width=&#8221;700px&#8221; max_width_last_edited=&#8221;off|desktop&#8221; module_alignment=&#8221;center&#8221; custom_margin=&#8221;|||&#8221; custom_padding=&#8221;|||&#8221; header_2_font_size_tablet=&#8221;&#8221; header_2_font_size_phone=&#8221;24px&#8221; header_2_font_size_last_edited=&#8221;on|phone&#8221; global_colors_info=&#8221;{}&#8221;]<\/p>\n<h2>Perforaci\u00f3 per a adults i nadons.<\/h2>\n<p data-start=\"775\" data-end=\"908\">[\/et_pb_text][\/et_pb_column][\/et_pb_row][et_pb_row column_structure=&#8221;1_2,1_2&#8243; _builder_version=&#8221;4.27.4&#8243; _module_preset=&#8221;default&#8221; global_colors_info=&#8221;{}&#8221;][et_pb_column type=&#8221;1_2&#8243; _builder_version=&#8221;4.27.4&#8243; _module_preset=&#8221;default&#8221; global_colors_info=&#8221;{}&#8221;][et_pb_image src=&#8221;https:\/\/www.farmaciatermes.com\/wp-content\/uploads\/2025\/07\/AdobeStock_540657671-scaled.jpeg&#8221; alt=&#8221;Perforaci\u00f3 per a adults i nadons.&#8221; title_text=&#8221;Perforaci\u00f3n para adultos y beb\u00e9s&#8221; _builder_version=&#8221;4.27.4&#8243; _module_preset=&#8221;default&#8221; hover_enabled=&#8221;0&#8243; global_colors_info=&#8221;{}&#8221; sticky_enabled=&#8221;0&#8243;][\/et_pb_image][\/et_pb_column][et_pb_column type=&#8221;1_2&#8243; _builder_version=&#8221;4.27.4&#8243; _module_preset=&#8221;default&#8221; global_colors_info=&#8221;{}&#8221;][et_pb_text _builder_version=&#8221;4.27.4&#8243; _module_preset=&#8221;default&#8221; text_font=&#8221;Montserrat||||||||&#8221; text_font_size=&#8221;15px&#8221; global_colors_info=&#8221;{}&#8221;]<\/p>\n<ul>\n<li data-start=\"956\" data-end=\"1100\">\n<p data-start=\"958\" data-end=\"1100\"><strong data-start=\"958\" data-end=\"988\">Primera posada per a nadons:<\/strong> Realitzem la perforaci\u00f3 amb la m\u00e0xima delicadesa i cura, perqu\u00e8 l\u2019experi\u00e8ncia sigui tranquil\u00b7la i segura.<\/p>\n<\/li>\n<li data-start=\"1101\" data-end=\"1203\">\n<p data-start=\"1103\" data-end=\"1203\"><strong data-start=\"1103\" data-end=\"1131\">P\u00edrcings per a adults:<\/strong> Perforaci\u00f3 professional amb assessorament sobre la cura posterior.<\/p>\n<\/li>\n<\/ul>\n<p><strong>Consells i cures posteriors.<\/strong><\/p>\n<p data-start=\"1247\" data-end=\"1464\" style=\"text-align: justify;\">Et lliurem instruccions clares per a la cura de la perforaci\u00f3, evitant infeccions i assegurant una correcta cicatritzaci\u00f3. A m\u00e9s, oferim productes espec\u00edfics per a la neteja i desinfecci\u00f3 de la zona. <\/p>\n<p>[\/et_pb_text][et_pb_button button_url=&#8221;@ET-DC@eyJkeW5hbWljIjp0cnVlLCJjb250ZW50IjoicG9zdF9saW5rX3VybF9wYWdlIiwic2V0dGluZ3MiOnsicG9zdF9pZCI6IjQ5OSIsImVuYWJsZV9odG1sIjoib2ZmIn19@&#8221; button_text=&#8221;Contacto&#8221; button_alignment=&#8221;left&#8221; _builder_version=&#8221;4.27.4&#8243; _dynamic_attributes=&#8221;button_url&#8221; custom_button=&#8221;on&#8221; button_text_size=&#8221;14px&#8221; button_bg_color=&#8221;#ff5473&#8243; button_border_width=&#8221;12px&#8221; button_border_color=&#8221;rgba(0,0,0,0)&#8221; button_border_radius=&#8221;100px&#8221; button_font=&#8221;Montserrat|700|||||||&#8221; button_use_icon=&#8221;off&#8221; background_layout=&#8221;dark&#8221; box_shadow_style=&#8221;preset3&#8243; button_border_radius_hover=&#8221;100px&#8221; button_bg_color_hover=&#8221;#ff6b86&#8243; global_colors_info=&#8221;{}&#8221; button_text_size__hover_enabled=&#8221;off&#8221; button_one_text_size__hover_enabled=&#8221;off&#8221; button_two_text_size__hover_enabled=&#8221;off&#8221; button_text_color__hover_enabled=&#8221;off&#8221; button_one_text_color__hover_enabled=&#8221;off&#8221; button_two_text_color__hover_enabled=&#8221;off&#8221; button_border_width__hover_enabled=&#8221;off&#8221; button_one_border_width__hover_enabled=&#8221;off&#8221; button_two_border_width__hover_enabled=&#8221;off&#8221; button_border_color__hover_enabled=&#8221;off&#8221; button_one_border_color__hover_enabled=&#8221;off&#8221; button_two_border_color__hover_enabled=&#8221;off&#8221; button_border_radius__hover_enabled=&#8221;on&#8221; button_border_radius__hover=&#8221;100px&#8221; button_one_border_radius__hover_enabled=&#8221;off&#8221; button_two_border_radius__hover_enabled=&#8221;off&#8221; button_letter_spacing__hover_enabled=&#8221;off&#8221; button_one_letter_spacing__hover_enabled=&#8221;off&#8221; button_two_letter_spacing__hover_enabled=&#8221;off&#8221; button_bg_color__hover_enabled=&#8221;on&#8221; button_bg_color__hover=&#8221;#ff6b86&#8243; button_one_bg_color__hover_enabled=&#8221;off&#8221; button_two_bg_color__hover_enabled=&#8221;off&#8221;][\/et_pb_button][\/et_pb_column][\/et_pb_row][\/et_pb_section]<\/p>\n","protected":false},"excerpt":{"rendered":"<p>A Farm\u00e0cia Termes realitzem perforaci\u00f3 segura de llobets per a adults i primera posada de nadons, garantint les m\u00e0ximes condicions d\u2019higiene i un tracte professional i proper.Mesura la teva salut.Per qu\u00e8 triar Farm\u00e0cia Termes? Realitzem la posada de llobets amb el sistema Studex System75\u2122, l\u00edder mundial en perforaci\u00f3 d\u2019orelles. Un m\u00e8tode modern, silenci\u00f3s i prec\u00eds [&hellip;]<\/p>\n","protected":false},"author":1,"featured_media":0,"parent":0,"menu_order":0,"comment_status":"closed","ping_status":"closed","template":"","meta":{"_acf_changed":false,"_et_pb_use_builder":"on","_et_pb_old_content":"","_et_gb_content_width":"","_joinchat":[],"footnotes":""},"class_list":["post-1064","page","type-page","status-publish","hentry"],"acf":[],"aioseo_notices":[],"_links":{"self":[{"href":"https:\/\/www.farmaciatermes.com\/ca\/wp-json\/wp\/v2\/pages\/1064","targetHints":{"allow":["GET"]}}],"collection":[{"href":"https:\/\/www.farmaciatermes.com\/ca\/wp-json\/wp\/v2\/pages"}],"about":[{"href":"https:\/\/www.farmaciatermes.com\/ca\/wp-json\/wp\/v2\/types\/page"}],"author":[{"embeddable":true,"href":"https:\/\/www.farmaciatermes.com\/ca\/wp-json\/wp\/v2\/users\/1"}],"replies":[{"embeddable":true,"href":"https:\/\/www.farmaciatermes.com\/ca\/wp-json\/wp\/v2\/comments?post=1064"}],"version-history":[{"count":0,"href":"https:\/\/www.farmaciatermes.com\/ca\/wp-json\/wp\/v2\/pages\/1064\/revisions"}],"wp:attachment":[{"href":"https:\/\/www.farmaciatermes.com\/ca\/wp-json\/wp\/v2\/media?parent=1064"}],"curies":[{"name":"wp","href":"https:\/\/api.w.org\/{rel}","templated":true}]}}